{"id":4478,"date":"2025-08-29T15:46:15","date_gmt":"2025-08-29T13:46:15","guid":{"rendered":"https:\/\/shapedwithpleasure.com\/en\/partners\/"},"modified":"2026-02-25T07:54:00","modified_gmt":"2026-02-25T06:54:00","slug":"partners","status":"publish","type":"page","link":"https:\/\/shapedwithpleasure.com\/en\/partners\/","title":{"rendered":"Partners"},"content":{"rendered":"\t\t<div data-elementor-type=\"wp-page\" data-elementor-id=\"4478\" class=\"elementor elementor-4478\" data-elementor-post-type=\"page\">\n\t\t\t\t<div class=\"elementor-element elementor-element-c9493b2 e-flex e-con-boxed e-con e-parent\" data-id=\"c9493b2\" data-element_type=\"container\" data-e-type=\"container\">\n\t\t\t\t\t<div class=\"e-con-inner\">\n\t\t<div class=\"elementor-element elementor-element-2ae02d3 e-con-full e-flex e-con e-child\" data-id=\"2ae02d3\" data-element_type=\"container\" data-e-type=\"container\">\n\t\t\t\t<div class=\"elementor-element elementor-element-af7811f elementor-widget elementor-widget-heading\" data-id=\"af7811f\" data-element_type=\"widget\" data-e-type=\"widget\" data-widget_type=\"heading.default\">\n\t\t\t\t<div class=\"elementor-widget-container\">\n\t\t\t\t\t<h3 class=\"elementor-heading-title elementor-size-default\">Our partners<\/h3>\t\t\t\t<\/div>\n\t\t\t\t<\/div>\n\t\t\t\t<\/div>\n\t\t\t\t\t<\/div>\n\t\t\t\t<\/div>\n\t\t<div class=\"elementor-element elementor-element-4b57508 e-grid e-con-boxed e-con e-parent\" data-id=\"4b57508\" data-element_type=\"container\" data-e-type=\"container\">\n\t\t\t\t\t<div class=\"e-con-inner\">\n\t\t\t\t<div class=\"elementor-element elementor-element-c8526d2 elementor-position-top elementor-widget elementor-widget-image-box\" data-id=\"c8526d2\" data-element_type=\"widget\" data-e-type=\"widget\" data-widget_type=\"image-box.default\">\n\t\t\t\t<div class=\"elementor-widget-container\">\n\t\t\t\t\t<div class=\"elementor-image-box-wrapper\"><figure class=\"elementor-image-box-img\"><a href=\"https:\/\/www.senskle.com\/\" tabindex=\"-1\"><img fetchpriority=\"high\" decoding=\"async\" width=\"600\" height=\"600\" src=\"https:\/\/shapedwithpleasure.com\/en\/wp-content\/uploads\/sites\/2\/2025\/08\/logo-senskle.jpg\" class=\"attachment-full size-full wp-image-4480\" alt=\"\" srcset=\"https:\/\/shapedwithpleasure.com\/en\/wp-content\/uploads\/sites\/2\/2025\/08\/logo-senskle.jpg 600w, https:\/\/shapedwithpleasure.com\/en\/wp-content\/uploads\/sites\/2\/2025\/08\/logo-senskle-300x300.jpg 300w, https:\/\/shapedwithpleasure.com\/en\/wp-content\/uploads\/sites\/2\/2025\/08\/logo-senskle-150x150.jpg 150w, https:\/\/shapedwithpleasure.com\/en\/wp-content\/uploads\/sites\/2\/2025\/08\/logo-senskle-100x100.jpg 100w\" sizes=\"(max-width: 600px) 100vw, 600px\" \/><\/a><\/figure><div class=\"elementor-image-box-content\"><h3 class=\"elementor-image-box-title\"><a href=\"https:\/\/www.senskle.com\/\">Senskle<\/a><\/h3><p class=\"elementor-image-box-description\">The libertine dating site, designed for non-libertines!<\/p><\/div><\/div>\t\t\t\t<\/div>\n\t\t\t\t<\/div>\n\t\t\t\t<div class=\"elementor-element elementor-element-24e78bc elementor-position-top elementor-widget elementor-widget-image-box\" data-id=\"24e78bc\" data-element_type=\"widget\" data-e-type=\"widget\" data-widget_type=\"image-box.default\">\n\t\t\t\t<div class=\"elementor-widget-container\">\n\t\t\t\t\t<div class=\"elementor-image-box-wrapper\"><figure class=\"elementor-image-box-img\"><a href=\"https:\/\/ma-joie.com\/fr\" tabindex=\"-1\"><img decoding=\"async\" width=\"2048\" height=\"2048\" src=\"https:\/\/shapedwithpleasure.com\/en\/wp-content\/uploads\/sites\/2\/2025\/09\/Sans-titre-3000-x-3000-px-2048x2048.png\" class=\"attachment-2048x2048 size-2048x2048 wp-image-4530\" alt=\"Ma joie\" srcset=\"https:\/\/shapedwithpleasure.com\/en\/wp-content\/uploads\/sites\/2\/2025\/09\/Sans-titre-3000-x-3000-px-2048x2048.png 2048w, https:\/\/shapedwithpleasure.com\/en\/wp-content\/uploads\/sites\/2\/2025\/09\/Sans-titre-3000-x-3000-px-300x300.png 300w, https:\/\/shapedwithpleasure.com\/en\/wp-content\/uploads\/sites\/2\/2025\/09\/Sans-titre-3000-x-3000-px-1024x1024.png 1024w, https:\/\/shapedwithpleasure.com\/en\/wp-content\/uploads\/sites\/2\/2025\/09\/Sans-titre-3000-x-3000-px-150x150.png 150w, https:\/\/shapedwithpleasure.com\/en\/wp-content\/uploads\/sites\/2\/2025\/09\/Sans-titre-3000-x-3000-px-768x768.png 768w, https:\/\/shapedwithpleasure.com\/en\/wp-content\/uploads\/sites\/2\/2025\/09\/Sans-titre-3000-x-3000-px-1536x1536.png 1536w, https:\/\/shapedwithpleasure.com\/en\/wp-content\/uploads\/sites\/2\/2025\/09\/Sans-titre-3000-x-3000-px-100x100.png 100w\" sizes=\"(max-width: 2048px) 100vw, 2048px\" \/><\/a><\/figure><div class=\"elementor-image-box-content\"><h3 class=\"elementor-image-box-title\"><a href=\"https:\/\/ma-joie.com\/fr\">Ma joie <\/a><\/h3><p class=\"elementor-image-box-description\">A new way to wear strap-ons.<\/p><\/div><\/div>\t\t\t\t<\/div>\n\t\t\t\t<\/div>\n\t\t\t\t<div class=\"elementor-element elementor-element-dc97f0f elementor-position-top elementor-widget elementor-widget-image-box\" data-id=\"dc97f0f\" data-element_type=\"widget\" data-e-type=\"widget\" data-widget_type=\"image-box.default\">\n\t\t\t\t<div class=\"elementor-widget-container\">\n\t\t\t\t\t<div class=\"elementor-image-box-wrapper\"><figure class=\"elementor-image-box-img\"><a href=\"https:\/\/www.yesforlov.com\/\" tabindex=\"-1\"><img decoding=\"async\" width=\"2048\" height=\"2048\" src=\"https:\/\/shapedwithpleasure.com\/en\/wp-content\/uploads\/sites\/2\/2025\/09\/Sans-titre-3000-x-3000-px-1-2048x2048.png\" class=\"attachment-2048x2048 size-2048x2048 wp-image-4532\" alt=\"YESforLOV, une cosm\u00e9tique fran\u00e7aise d&#039;excellence au service du bien-\u00eatre intime &amp; amoureux\" srcset=\"https:\/\/shapedwithpleasure.com\/en\/wp-content\/uploads\/sites\/2\/2025\/09\/Sans-titre-3000-x-3000-px-1-2048x2048.png 2048w, https:\/\/shapedwithpleasure.com\/en\/wp-content\/uploads\/sites\/2\/2025\/09\/Sans-titre-3000-x-3000-px-1-300x300.png 300w, https:\/\/shapedwithpleasure.com\/en\/wp-content\/uploads\/sites\/2\/2025\/09\/Sans-titre-3000-x-3000-px-1-1024x1024.png 1024w, https:\/\/shapedwithpleasure.com\/en\/wp-content\/uploads\/sites\/2\/2025\/09\/Sans-titre-3000-x-3000-px-1-150x150.png 150w, https:\/\/shapedwithpleasure.com\/en\/wp-content\/uploads\/sites\/2\/2025\/09\/Sans-titre-3000-x-3000-px-1-768x768.png 768w, https:\/\/shapedwithpleasure.com\/en\/wp-content\/uploads\/sites\/2\/2025\/09\/Sans-titre-3000-x-3000-px-1-1536x1536.png 1536w, https:\/\/shapedwithpleasure.com\/en\/wp-content\/uploads\/sites\/2\/2025\/09\/Sans-titre-3000-x-3000-px-1-100x100.png 100w\" sizes=\"(max-width: 2048px) 100vw, 2048px\" \/><\/a><\/figure><div class=\"elementor-image-box-content\"><h3 class=\"elementor-image-box-title\"><a href=\"https:\/\/www.yesforlov.com\/\">YESforLOV<\/a><\/h3><p class=\"elementor-image-box-description\">A French excellence cosmetics brand dedicated to intimate and romantic well-being.<\/p><\/div><\/div>\t\t\t\t<\/div>\n\t\t\t\t<\/div>\n\t\t\t\t<div class=\"elementor-element elementor-element-99acb9b elementor-position-top elementor-widget elementor-widget-image-box\" data-id=\"99acb9b\" data-element_type=\"widget\" data-e-type=\"widget\" data-widget_type=\"image-box.default\">\n\t\t\t\t<div class=\"elementor-widget-container\">\n\t\t\t\t\t<div class=\"elementor-image-box-wrapper\"><figure class=\"elementor-image-box-img\"><a href=\"https:\/\/krapulle.com\/\" tabindex=\"-1\"><img loading=\"lazy\" decoding=\"async\" width=\"2048\" height=\"2048\" src=\"https:\/\/shapedwithpleasure.com\/en\/wp-content\/uploads\/sites\/2\/2025\/09\/Sans-titre-3000-x-3000-px-2-2048x2048.png\" class=\"attachment-2048x2048 size-2048x2048 wp-image-4537\" alt=\"Krapulle!\" srcset=\"https:\/\/shapedwithpleasure.com\/en\/wp-content\/uploads\/sites\/2\/2025\/09\/Sans-titre-3000-x-3000-px-2-2048x2048.png 2048w, https:\/\/shapedwithpleasure.com\/en\/wp-content\/uploads\/sites\/2\/2025\/09\/Sans-titre-3000-x-3000-px-2-300x300.png 300w, https:\/\/shapedwithpleasure.com\/en\/wp-content\/uploads\/sites\/2\/2025\/09\/Sans-titre-3000-x-3000-px-2-1024x1024.png 1024w, https:\/\/shapedwithpleasure.com\/en\/wp-content\/uploads\/sites\/2\/2025\/09\/Sans-titre-3000-x-3000-px-2-150x150.png 150w, https:\/\/shapedwithpleasure.com\/en\/wp-content\/uploads\/sites\/2\/2025\/09\/Sans-titre-3000-x-3000-px-2-768x768.png 768w, https:\/\/shapedwithpleasure.com\/en\/wp-content\/uploads\/sites\/2\/2025\/09\/Sans-titre-3000-x-3000-px-2-1536x1536.png 1536w, https:\/\/shapedwithpleasure.com\/en\/wp-content\/uploads\/sites\/2\/2025\/09\/Sans-titre-3000-x-3000-px-2-100x100.png 100w\" sizes=\"(max-width: 2048px) 100vw, 2048px\" \/><\/a><\/figure><div class=\"elementor-image-box-content\"><h3 class=\"elementor-image-box-title\"><a href=\"https:\/\/krapulle.com\/\">Krapulle!<\/a><\/h3><p class=\"elementor-image-box-description\">The brand of sex toys designed and manufactured from A to Z in France.<\/p><\/div><\/div>\t\t\t\t<\/div>\n\t\t\t\t<\/div>\n\t\t\t\t<div class=\"elementor-element elementor-element-708f3d5 elementor-position-top elementor-widget elementor-widget-image-box\" data-id=\"708f3d5\" data-element_type=\"widget\" data-e-type=\"widget\" data-widget_type=\"image-box.default\">\n\t\t\t\t<div class=\"elementor-widget-container\">\n\t\t\t\t\t<div class=\"elementor-image-box-wrapper\"><figure class=\"elementor-image-box-img\"><a href=\"https:\/\/nawtyparis.com\/\" tabindex=\"-1\"><img loading=\"lazy\" decoding=\"async\" width=\"1080\" height=\"1080\" src=\"https:\/\/shapedwithpleasure.com\/en\/wp-content\/uploads\/sites\/2\/2025\/10\/Design-sans-titre.png\" class=\"attachment-2048x2048 size-2048x2048 wp-image-4597\" alt=\"Nawty friandises coquines\" srcset=\"https:\/\/shapedwithpleasure.com\/en\/wp-content\/uploads\/sites\/2\/2025\/10\/Design-sans-titre.png 1080w, https:\/\/shapedwithpleasure.com\/en\/wp-content\/uploads\/sites\/2\/2025\/10\/Design-sans-titre-300x300.png 300w, https:\/\/shapedwithpleasure.com\/en\/wp-content\/uploads\/sites\/2\/2025\/10\/Design-sans-titre-1024x1024.png 1024w, https:\/\/shapedwithpleasure.com\/en\/wp-content\/uploads\/sites\/2\/2025\/10\/Design-sans-titre-150x150.png 150w, https:\/\/shapedwithpleasure.com\/en\/wp-content\/uploads\/sites\/2\/2025\/10\/Design-sans-titre-768x768.png 768w, https:\/\/shapedwithpleasure.com\/en\/wp-content\/uploads\/sites\/2\/2025\/10\/Design-sans-titre-100x100.png 100w\" sizes=\"(max-width: 1080px) 100vw, 1080px\" \/><\/a><\/figure><div class=\"elementor-image-box-content\"><h3 class=\"elementor-image-box-title\"><a href=\"https:\/\/nawtyparis.com\/\">Nawty<\/a><\/h3><p class=\"elementor-image-box-description\">Homemade naughty treats for obedient submissives.<\/p><\/div><\/div>\t\t\t\t<\/div>\n\t\t\t\t<\/div>\n\t\t\t\t<div class=\"elementor-element elementor-element-28ba7b1 elementor-position-top elementor-widget elementor-widget-image-box\" data-id=\"28ba7b1\" data-element_type=\"widget\" data-e-type=\"widget\" data-widget_type=\"image-box.default\">\n\t\t\t\t<div class=\"elementor-widget-container\">\n\t\t\t\t\t<div class=\"elementor-image-box-wrapper\"><figure class=\"elementor-image-box-img\"><a href=\"https:\/\/www.agencesantesexuelle.fr\/\" tabindex=\"-1\"><img loading=\"lazy\" decoding=\"async\" width=\"2048\" height=\"2048\" src=\"https:\/\/shapedwithpleasure.com\/en\/wp-content\/uploads\/sites\/2\/2025\/09\/Sans-titre-3000-x-3000-px-3-2048x2048.png\" class=\"attachment-2048x2048 size-2048x2048 wp-image-4540\" alt=\"ASS\" srcset=\"https:\/\/shapedwithpleasure.com\/en\/wp-content\/uploads\/sites\/2\/2025\/09\/Sans-titre-3000-x-3000-px-3-2048x2048.png 2048w, https:\/\/shapedwithpleasure.com\/en\/wp-content\/uploads\/sites\/2\/2025\/09\/Sans-titre-3000-x-3000-px-3-300x300.png 300w, https:\/\/shapedwithpleasure.com\/en\/wp-content\/uploads\/sites\/2\/2025\/09\/Sans-titre-3000-x-3000-px-3-1024x1024.png 1024w, https:\/\/shapedwithpleasure.com\/en\/wp-content\/uploads\/sites\/2\/2025\/09\/Sans-titre-3000-x-3000-px-3-150x150.png 150w, https:\/\/shapedwithpleasure.com\/en\/wp-content\/uploads\/sites\/2\/2025\/09\/Sans-titre-3000-x-3000-px-3-768x768.png 768w, https:\/\/shapedwithpleasure.com\/en\/wp-content\/uploads\/sites\/2\/2025\/09\/Sans-titre-3000-x-3000-px-3-1536x1536.png 1536w, https:\/\/shapedwithpleasure.com\/en\/wp-content\/uploads\/sites\/2\/2025\/09\/Sans-titre-3000-x-3000-px-3-100x100.png 100w\" sizes=\"(max-width: 2048px) 100vw, 2048px\" \/><\/a><\/figure><div class=\"elementor-image-box-content\"><h3 class=\"elementor-image-box-title\"><a href=\"https:\/\/www.agencesantesexuelle.fr\/\">Agence Sant\u00e9 Sexuelle<\/a><\/h3><p class=\"elementor-image-box-description\">Communication agency dedicated to sexual health, sexualities, and sextech.<\/p><\/div><\/div>\t\t\t\t<\/div>\n\t\t\t\t<\/div>\n\t\t\t\t<div class=\"elementor-element elementor-element-d17798a elementor-position-top elementor-widget elementor-widget-image-box\" data-id=\"d17798a\" data-element_type=\"widget\" data-e-type=\"widget\" data-widget_type=\"image-box.default\">\n\t\t\t\t<div class=\"elementor-widget-container\">\n\t\t\t\t\t<div class=\"elementor-image-box-wrapper\"><figure class=\"elementor-image-box-img\"><a href=\"https:\/\/www.sextechforgood.org\/\" tabindex=\"-1\"><img loading=\"lazy\" decoding=\"async\" width=\"2048\" height=\"2048\" src=\"https:\/\/shapedwithpleasure.com\/en\/wp-content\/uploads\/sites\/2\/2025\/09\/Sans-titre-3000-x-3000-px-4-2048x2048.png\" class=\"attachment-2048x2048 size-2048x2048 wp-image-4542\" alt=\"SexTech for Good\" srcset=\"https:\/\/shapedwithpleasure.com\/en\/wp-content\/uploads\/sites\/2\/2025\/09\/Sans-titre-3000-x-3000-px-4-2048x2048.png 2048w, https:\/\/shapedwithpleasure.com\/en\/wp-content\/uploads\/sites\/2\/2025\/09\/Sans-titre-3000-x-3000-px-4-300x300.png 300w, https:\/\/shapedwithpleasure.com\/en\/wp-content\/uploads\/sites\/2\/2025\/09\/Sans-titre-3000-x-3000-px-4-1024x1024.png 1024w, https:\/\/shapedwithpleasure.com\/en\/wp-content\/uploads\/sites\/2\/2025\/09\/Sans-titre-3000-x-3000-px-4-150x150.png 150w, https:\/\/shapedwithpleasure.com\/en\/wp-content\/uploads\/sites\/2\/2025\/09\/Sans-titre-3000-x-3000-px-4-768x768.png 768w, https:\/\/shapedwithpleasure.com\/en\/wp-content\/uploads\/sites\/2\/2025\/09\/Sans-titre-3000-x-3000-px-4-1536x1536.png 1536w, https:\/\/shapedwithpleasure.com\/en\/wp-content\/uploads\/sites\/2\/2025\/09\/Sans-titre-3000-x-3000-px-4-100x100.png 100w\" sizes=\"(max-width: 2048px) 100vw, 2048px\" \/><\/a><\/figure><div class=\"elementor-image-box-content\"><h3 class=\"elementor-image-box-title\"><a href=\"https:\/\/www.sextechforgood.org\/\">SexTech for Good<\/a><\/h3><p class=\"elementor-image-box-description\">The first French agency dedicated to promoting and developing #SexTech.<\/p><\/div><\/div>\t\t\t\t<\/div>\n\t\t\t\t<\/div>\n\t\t\t\t<div class=\"elementor-element elementor-element-86929ac elementor-position-top elementor-widget elementor-widget-image-box\" data-id=\"86929ac\" data-element_type=\"widget\" data-e-type=\"widget\" data-widget_type=\"image-box.default\">\n\t\t\t\t<div class=\"elementor-widget-container\">\n\t\t\t\t\t<div class=\"elementor-image-box-wrapper\"><figure class=\"elementor-image-box-img\"><a href=\"https:\/\/francefemdom.com\/\" tabindex=\"-1\"><img loading=\"lazy\" decoding=\"async\" width=\"2048\" height=\"2048\" src=\"https:\/\/shapedwithpleasure.com\/en\/wp-content\/uploads\/sites\/2\/2025\/09\/Sans-titre-3000-x-3000-px-5-2048x2048.png\" class=\"attachment-2048x2048 size-2048x2048 wp-image-4547\" alt=\"D\u00e9couvrez le pouvoir de la domination f\u00e9minine\" srcset=\"https:\/\/shapedwithpleasure.com\/en\/wp-content\/uploads\/sites\/2\/2025\/09\/Sans-titre-3000-x-3000-px-5-2048x2048.png 2048w, https:\/\/shapedwithpleasure.com\/en\/wp-content\/uploads\/sites\/2\/2025\/09\/Sans-titre-3000-x-3000-px-5-300x300.png 300w, https:\/\/shapedwithpleasure.com\/en\/wp-content\/uploads\/sites\/2\/2025\/09\/Sans-titre-3000-x-3000-px-5-1024x1024.png 1024w, https:\/\/shapedwithpleasure.com\/en\/wp-content\/uploads\/sites\/2\/2025\/09\/Sans-titre-3000-x-3000-px-5-150x150.png 150w, https:\/\/shapedwithpleasure.com\/en\/wp-content\/uploads\/sites\/2\/2025\/09\/Sans-titre-3000-x-3000-px-5-768x768.png 768w, https:\/\/shapedwithpleasure.com\/en\/wp-content\/uploads\/sites\/2\/2025\/09\/Sans-titre-3000-x-3000-px-5-1536x1536.png 1536w, https:\/\/shapedwithpleasure.com\/en\/wp-content\/uploads\/sites\/2\/2025\/09\/Sans-titre-3000-x-3000-px-5-100x100.png 100w\" sizes=\"(max-width: 2048px) 100vw, 2048px\" \/><\/a><\/figure><div class=\"elementor-image-box-content\"><h3 class=\"elementor-image-box-title\"><a href=\"https:\/\/francefemdom.com\/\">France FemDom<\/a><\/h3><p class=\"elementor-image-box-description\">Discover the power of female domination.<\/p><\/div><\/div>\t\t\t\t<\/div>\n\t\t\t\t<\/div>\n\t\t\t\t<div class=\"elementor-element elementor-element-3718550 elementor-position-top elementor-widget elementor-widget-image-box\" data-id=\"3718550\" data-element_type=\"widget\" data-e-type=\"widget\" data-widget_type=\"image-box.default\">\n\t\t\t\t<div class=\"elementor-widget-container\">\n\t\t\t\t\t<div class=\"elementor-image-box-wrapper\"><figure class=\"elementor-image-box-img\"><a href=\"https:\/\/goliate.com\/\" tabindex=\"-1\"><img loading=\"lazy\" decoding=\"async\" width=\"2048\" height=\"2048\" src=\"https:\/\/shapedwithpleasure.com\/en\/wp-content\/uploads\/sites\/2\/2025\/09\/Sans-titre-3000-x-3000-px-6-2048x2048.png\" class=\"attachment-2048x2048 size-2048x2048 wp-image-4550\" alt=\"goliate\" srcset=\"https:\/\/shapedwithpleasure.com\/en\/wp-content\/uploads\/sites\/2\/2025\/09\/Sans-titre-3000-x-3000-px-6-2048x2048.png 2048w, https:\/\/shapedwithpleasure.com\/en\/wp-content\/uploads\/sites\/2\/2025\/09\/Sans-titre-3000-x-3000-px-6-300x300.png 300w, https:\/\/shapedwithpleasure.com\/en\/wp-content\/uploads\/sites\/2\/2025\/09\/Sans-titre-3000-x-3000-px-6-1024x1024.png 1024w, https:\/\/shapedwithpleasure.com\/en\/wp-content\/uploads\/sites\/2\/2025\/09\/Sans-titre-3000-x-3000-px-6-150x150.png 150w, https:\/\/shapedwithpleasure.com\/en\/wp-content\/uploads\/sites\/2\/2025\/09\/Sans-titre-3000-x-3000-px-6-768x768.png 768w, https:\/\/shapedwithpleasure.com\/en\/wp-content\/uploads\/sites\/2\/2025\/09\/Sans-titre-3000-x-3000-px-6-1536x1536.png 1536w, https:\/\/shapedwithpleasure.com\/en\/wp-content\/uploads\/sites\/2\/2025\/09\/Sans-titre-3000-x-3000-px-6-100x100.png 100w\" sizes=\"(max-width: 2048px) 100vw, 2048px\" \/><\/a><\/figure><div class=\"elementor-image-box-content\"><h3 class=\"elementor-image-box-title\"><a href=\"https:\/\/goliate.com\/\">GOLIATE<\/a><\/h3><p class=\"elementor-image-box-description\">Sex toys and natural intimate lubricants, certified organic, vegan, and made in France.<\/p><\/div><\/div>\t\t\t\t<\/div>\n\t\t\t\t<\/div>\n\t\t\t\t<div class=\"elementor-element elementor-element-070d22b elementor-position-top elementor-widget elementor-widget-image-box\" data-id=\"070d22b\" data-element_type=\"widget\" data-e-type=\"widget\" data-widget_type=\"image-box.default\">\n\t\t\t\t<div class=\"elementor-widget-container\">\n\t\t\t\t\t<div class=\"elementor-image-box-wrapper\"><figure class=\"elementor-image-box-img\"><a href=\"https:\/\/sismiqueetsensuelle.com\/\" tabindex=\"-1\"><img loading=\"lazy\" decoding=\"async\" width=\"2048\" height=\"2048\" src=\"https:\/\/shapedwithpleasure.com\/en\/wp-content\/uploads\/sites\/2\/2025\/09\/Sans-titre-3000-x-3000-px-7-2048x2048.png\" class=\"attachment-2048x2048 size-2048x2048 wp-image-4552\" alt=\"Sismique et sensuelle\" srcset=\"https:\/\/shapedwithpleasure.com\/en\/wp-content\/uploads\/sites\/2\/2025\/09\/Sans-titre-3000-x-3000-px-7-2048x2048.png 2048w, https:\/\/shapedwithpleasure.com\/en\/wp-content\/uploads\/sites\/2\/2025\/09\/Sans-titre-3000-x-3000-px-7-300x300.png 300w, https:\/\/shapedwithpleasure.com\/en\/wp-content\/uploads\/sites\/2\/2025\/09\/Sans-titre-3000-x-3000-px-7-1024x1024.png 1024w, https:\/\/shapedwithpleasure.com\/en\/wp-content\/uploads\/sites\/2\/2025\/09\/Sans-titre-3000-x-3000-px-7-150x150.png 150w, https:\/\/shapedwithpleasure.com\/en\/wp-content\/uploads\/sites\/2\/2025\/09\/Sans-titre-3000-x-3000-px-7-768x768.png 768w, https:\/\/shapedwithpleasure.com\/en\/wp-content\/uploads\/sites\/2\/2025\/09\/Sans-titre-3000-x-3000-px-7-1536x1536.png 1536w, https:\/\/shapedwithpleasure.com\/en\/wp-content\/uploads\/sites\/2\/2025\/09\/Sans-titre-3000-x-3000-px-7-100x100.png 100w\" sizes=\"(max-width: 2048px) 100vw, 2048px\" \/><\/a><\/figure><div class=\"elementor-image-box-content\"><h3 class=\"elementor-image-box-title\"><a href=\"https:\/\/sismiqueetsensuelle.com\/\">Sismique &amp; Sensuelle<\/a><\/h3><p class=\"elementor-image-box-description\">Erotic Art Gallery promoting, showcasing, and selling artworks of all kinds.<\/p><\/div><\/div>\t\t\t\t<\/div>\n\t\t\t\t<\/div>\n\t\t\t\t\t<\/div>\n\t\t\t\t<\/div>\n\t\t\t\t<\/div>\n\t\t","protected":false},"excerpt":{"rendered":"<p>Our partners Senskle The libertine dating site, designed for non-libertines! Ma joie A new way to wear strap-ons. YESforLOV A French excellence cosmetics brand dedicated to intimate and romantic well-being. Krapulle! The brand of sex toys designed and manufactured from A to Z in France. Nawty Homemade naughty treats for obedient submissives. Agence Sant\u00e9 Sexuelle [&hellip;]<\/p>\n","protected":false},"author":5,"featured_media":0,"parent":0,"menu_order":0,"comment_status":"closed","ping_status":"closed","template":"elementor_header_footer","meta":{"content-type":"","_monsterinsights_skip_tracking":false,"_monsterinsights_sitenote_active":false,"_monsterinsights_sitenote_note":"","_monsterinsights_sitenote_category":0,"footnotes":""},"class_list":["post-4478","page","type-page","status-publish","hentry"],"aioseo_notices":[],"_links":{"self":[{"href":"https:\/\/shapedwithpleasure.com\/en\/wp-json\/wp\/v2\/pages\/4478","targetHints":{"allow":["GET"]}}],"collection":[{"href":"https:\/\/shapedwithpleasure.com\/en\/wp-json\/wp\/v2\/pages"}],"about":[{"href":"https:\/\/shapedwithpleasure.com\/en\/wp-json\/wp\/v2\/types\/page"}],"author":[{"embeddable":true,"href":"https:\/\/shapedwithpleasure.com\/en\/wp-json\/wp\/v2\/users\/5"}],"replies":[{"embeddable":true,"href":"https:\/\/shapedwithpleasure.com\/en\/wp-json\/wp\/v2\/comments?post=4478"}],"version-history":[{"count":7,"href":"https:\/\/shapedwithpleasure.com\/en\/wp-json\/wp\/v2\/pages\/4478\/revisions"}],"predecessor-version":[{"id":4740,"href":"https:\/\/shapedwithpleasure.com\/en\/wp-json\/wp\/v2\/pages\/4478\/revisions\/4740"}],"wp:attachment":[{"href":"https:\/\/shapedwithpleasure.com\/en\/wp-json\/wp\/v2\/media?parent=4478"}],"curies":[{"name":"wp","href":"https:\/\/api.w.org\/{rel}","templated":true}]}}